{"id":115979,"date":"2021-09-21T14:06:49","date_gmt":"2021-09-21T12:06:49","guid":{"rendered":"https:\/\/biosline.it\/\/?page_id=115979"},"modified":"2021-09-21T16:21:12","modified_gmt":"2021-09-21T14:21:12","slug":"covid-19-e-carenza-vitamina-d-endocrinologi-chiare-evidenze-del-legame","status":"publish","type":"page","link":"https:\/\/www.biosline.it\/en\/covid-19-e-carenza-vitamina-d-endocrinologi-chiare-evidenze-del-legame\/","title":{"rendered":"Carenza di Vitamina D e Covid 19, evidenze sulla correlazione."},"content":{"rendered":"<p class=\"qtranxs-available-languages-message qtranxs-available-languages-message-en\">Sorry, this entry is only available in <a href=\"https:\/\/www.biosline.it\/it\/wp-json\/wp\/v2\/pages\/115979\" class=\"qtranxs-available-language-link qtranxs-available-language-link-it\" title=\"Italiano\">Italiano<\/a>.<\/p><p>Il mondo scientifico \u00e8 alla costante ricerca di soluzioni per il nostro benessere e per la prevenzione delle malattie.<\/p>\n<p>A questo proposito, riportiamo di seguito un articolo che parla delle crescenti evidenze della <strong>connessione tra carenza di Vitamina D nel sangue e incidenza, nonch\u00e9 severit\u00e0, del Covid-19<\/strong>. \u00c8 importante tenere monitorati i livelli di Vitamina D presenti nel sangue e, in caso di carenza, adottare abitudini e comportamenti adatti a combatterla. Nel nostro sito potete trovare molti consigli e approfondimenti sul tema.<\/p>\n<div class=\"d-block bg-white p-sm-5 p-4 my-4\">\n<p>Oggi ci sono chiare evidenze che la\u00a0<b>carenza di vitamina D<\/b>\u00a0nel sangue \u00e8 tra i fattori coinvolti nell&#8217;incidenza e soprattutto nella severit\u00e0 del Covid-19, tanto che sono in corso un numero consistente di studi internazionali di approfondimento. Lo afferma\u00a0<b>Andrea Giustina<\/b>, professore ordinario di Endocrinologia all&#8217;Universit\u00e0 del San Raffaele e direttore della U.O. di Endocrinologia del San Raffaele e coordinatore scientifico della Consensus sulla Vitamina D a cui \u00e8 dedicata la V International Conference on Controversies in Vitamin D che si tiene a Stresa.L&#8217;associazione tra bassi livelli di vitamina D e Covid-19 era stata ipotizzata molto precocemente rispetto all&#8217;esplosione in Italia della pandemia, con una lettera pubblicata a marzo 2020 sul British Medical Journal. Giustina spiega che <em>\u00aball&#8217;epoca la lettera era il frutto di una riflessione personale, legata alla fascia di popolazione colpita, quella pi\u00f9 anziana, e al fatto che nel nostro Paese, particolarmente nelle regioni settentrionali, dove il Covid-19 ha colpito pi\u00f9 duramente e precocemente, la carenza di vitamina D \u00e8 estremamente diffusa\u00bb<\/em>. <em>\u00abLa riflessione &#8211; commenta l&#8217;esperto in una nota &#8211; si \u00e8 poi rivelata corretta e oggi abbiamo chiare evidenze che la carenza di vitamina D nel sangue \u00e8 tra i fattori coinvolti nell&#8217;incidenza e soprattutto nella severit\u00e0 del Covid-19, tanto che sono in corso un numero consistente di studi internazionali di approfondimento\u00bb<\/em>. Il punto di partenza degli esperti \u00e8 la visione del Covid-19 come malattia multi-sistemica per arrivare a chiarire sia i meccanismi endocrinologici sia l&#8217;esistenza di un vero e proprio fenotipo osteo-metabolico del Covid-19: <em>\u00abQuesto fenotipo, di cui abbiamo evidenza &#8211; chiarisce Giustina &#8211; ha tre componenti riconoscibili: l&#8217;ipocalcemia, le fratture vertebrali e l&#8217;ipovitaminosi D\u00bb<\/em>.<\/p>\n<p>L&#8217;esperto richiama anche i dati Istat sui decessi del periodo tra febbraio e novembre 2020: 57.647 avvenuti in persone positive al Covid-19, con una percentuale di soggetti in et\u00e0 inferiore ai 50 anni attorno all&#8217;1% e del 60% nella classe degli over 80. <em>\u00abSono dati che sottolineano ancora una volta l&#8217;importanza di alzare la guardia e approfittare della campagna vaccinale, ora che ci avviciniamo alla terza dose, per affrontare l&#8217;annosa problematica della carenza di vitamina D negli anziani nel nostro Paese &#8211; sottolinea Giustina -. Per questo, nel corso del nostro confronto riprendiamo il tema tradizionale della carenza di vitamina D nell&#8217;anziano, di quanto impatti sulla sua salute scheletrica e sulla struttura muscolare, con un aumento del rischio di cadute e quindi di fratture\u00bb<\/em>. Ma anche il malassorbimento \u00e8 <em>\u00abun fattore negativo in pi\u00f9 che aggrava una eventuale situazione di ipovitaminosi D<\/em>\u00bb aggiunge con riferimento a malattie gastrointestinali, quali le malattie infiammatorie croniche e la celiachia.<\/p>\n<p><em>\u00abObesit\u00e0 e diabete sono le due patologie che sono state maggiormente evidenziate nei pazienti ospedalizzati a causa del Covid-19 &#8211; conclude Giustina -. L&#8217;anello di congiunzione tra queste malattie e il rischio di una forma di Covid-19 pi\u00f9 grave potrebbe essere proprio la carenza di Vitamina D. La chirurgia bariatrica che viene utilizzata per contrastare diabete e obesit\u00e0, crea una situazione di malassorbimento che peggiora ancora di pi\u00f9 un problema di carenza di ipovitaminosi D preesistente\u00bb.<\/em><\/p>\n<p>&nbsp;<\/p>\n<p><strong>&#8220;Covid-19 e carenza vitamina D. Endocrinologi: chiare evidenze del legame&#8221;<\/strong>, in Doctor 33, 15\/09\/2021<\/p>\n<\/div>\n<p><\/p>","protected":false},"excerpt":{"rendered":"<p>Sorry, this entry is only available in Italiano.Il mondo scientifico \u00e8 alla costante ricerca di soluzioni per il nostro benessere e per la prevenzione delle malattie. A questo proposito, riportiamo di seguito un articolo che parla delle crescenti evidenze della connessione tra carenza di Vitamina D nel sangue e incidenza, nonch\u00e9 severit\u00e0, del Covid-19. \u00c8 [&hellip;]<\/p>\n","protected":false},"author":1,"featured_media":115983,"parent":0,"menu_order":0,"comment_status":"closed","ping_status":"closed","template":"template-consigli.php","meta":{"_acf_changed":false,"footnotes":""},"class_list":["post-115979","page","type-page","status-publish","has-post-thumbnail","hentry"],"acf":[],"aioseo_notices":[],"_links":{"self":[{"href":"https:\/\/www.biosline.it\/en\/wp-json\/wp\/v2\/pages\/115979","targetHints":{"allow":["GET"]}}],"collection":[{"href":"https:\/\/www.biosline.it\/en\/wp-json\/wp\/v2\/pages"}],"about":[{"href":"https:\/\/www.biosline.it\/en\/wp-json\/wp\/v2\/types\/page"}],"author":[{"embeddable":true,"href":"https:\/\/www.biosline.it\/en\/wp-json\/wp\/v2\/users\/1"}],"replies":[{"embeddable":true,"href":"https:\/\/www.biosline.it\/en\/wp-json\/wp\/v2\/comments?post=115979"}],"version-history":[{"count":0,"href":"https:\/\/www.biosline.it\/en\/wp-json\/wp\/v2\/pages\/115979\/revisions"}],"wp:featuredmedia":[{"embeddable":true,"href":"https:\/\/www.biosline.it\/en\/wp-json\/wp\/v2\/media\/115983"}],"wp:attachment":[{"href":"https:\/\/www.biosline.it\/en\/wp-json\/wp\/v2\/media?parent=115979"}],"curies":[{"name":"wp","href":"https:\/\/api.w.org\/{rel}","templated":true}]}}