{"id":104423,"date":"2021-02-18T11:40:47","date_gmt":"2021-02-18T09:40:47","guid":{"rendered":"https:\/\/biosline.it\/\/?page_id=104423"},"modified":"2021-09-15T16:13:46","modified_gmt":"2021-09-15T14:13:46","slug":"consiglio-di-bellezza-ultra-pep","status":"publish","type":"page","link":"https:\/\/www.biosline.it\/en\/consiglio-di-bellezza-ultra-pep\/","title":{"rendered":"SOS Carenza di Ferro, ci pensa Bios Line!"},"content":{"rendered":"<p class=\"qtranxs-available-languages-message qtranxs-available-languages-message-en\">Sorry, this entry is only available in <a href=\"https:\/\/www.biosline.it\/it\/wp-json\/wp\/v2\/pages\/104423\" class=\"qtranxs-available-language-link qtranxs-available-language-link-it\" title=\"Italiano\">Italiano<\/a>.<\/p><p>Stanchezza cronica, irritabilit\u00e0, pallore, perdita di capelli e fragilit\u00e0 delle unghie. Quante volte ci troviamo al cospetto di questi disturbi e non riusciamo a venirne a capo? Ovviamente farsi un bel check-up periodico, in cui si possano verificare, tramite il proprio medico, le condizioni di salute, non solo \u00e8 buona pratica ma \u00e8 fondamentale.<\/p>\n<p>Fortunatamente, poi, ci sono delle situazioni che, senza allarmarsi, sono risolvibili con le solite raccomandazioni: uno stile di vita sano, senza eccessi, in cui sport e alimentazione bilanciata possono fare la differenza.<\/p>\n<h2 class=\"mt-5\">Regimi errati<\/h2>\n<div class=\"row\">\n<div class=\"col-md-6\">\n<p>Viviamo per\u00f2 un\u2019epoca in cui ci ritroviamo spesso \u201cin una lavatrice\u201d, sballottati qua e l\u00e0 fra impegni di lavoro, famiglia da gestire e hobby che si vogliono coltivare, ed \u00e8 quasi una conseguenza naturale perdere il focus su condotte corrette, specie legate all\u2019alimentazione.<\/p>\n<p>Mangiamo spesso di fretta, spiluccando qua e l\u00e0 alimenti nemmeno troppo sani, o tendiamo a non variare la nostra dieta tuffandoci in regimi alimentari sconclusionati che poi, giocoforza, hanno ripercussioni sul nostro benessere psico-fisico. Accusiamo per altro anche i cambi di stagione, momenti in cui non solo dobbiamo riadattarci a ritmi e orari nuovi, ma anche a condizioni climatiche diverse. Il nostro corpo \u00e8 una macchina eccezionale ma anche fragile, e quando tutti questi fattori avversi si alleano, ci lancia dei segnali per avvisarci che dobbiamo tornare in carreggiata.<\/p>\n<p>Quando adottiamo un regime alimentare carente o poco bilanciato, possiamo incorrere nei disturbi che ho accennato all\u2019inizio del pezzo. L\u00ec il nostro corpo ci sta allertando: stiamo tralasciando qualcosa, <strong>mancano minerali o vitamine<\/strong>.<\/p>\n<\/div>\n<div class=\"col-md-6\"><img decoding=\"async\" class=\"w-100\" src=\"https:\/\/biosline.it\/\/wp-content\/uploads\/2021\/09\/cibo-spazzatura-1.jpg\" alt=\"\" \/><\/div>\n<\/div>\n<h2 class=\"mt-5\">Ferro, un minerale imprescindibile<\/h2>\n<p>Oggi vi voglio parlare di una carenza che in molti patiscono e che in troppi sottovalutano: quella di <strong>ferro<\/strong>. La carenza di questo minerale, che nel nostro organismo svolge funzioni essenziali come la <strong>produzione di emoglobina<\/strong>, la proteina presente nei globuli rossi deputata al trasporto di ossigeno nei tessuti, e la <strong>produzione mioglobina<\/strong>, altra proteina che si occupa invece di fissare l\u2019ossigeno a livello muscolare, pu\u00f2 condurre a una lista piuttosto lunga di disturbi.<\/p>\n<div class=\"row\">\n<div class=\"col-md-8\">\n<p>L\u2019ossigeno per il nostro corpo \u00e8 infatti energia, e una scarsa veicolazione o fissazione di questo elemento nel nostro organismo porta inequivocabilmente a un <strong>calo generale della nostra condizione di benessere<\/strong>.Possiamo considerare il ferro come un vero e proprio <strong>\u201cminerale anti-stanchezza\u201d.<\/strong><\/p>\n<p>La spossatezza che pu\u00f2 insorgere pu\u00f2 generare, paradossalmente, anche un cattivo ciclo del sonno perch\u00e9 la sua qualit\u00e0 peggiora. Diventiamo quindi non solo sempre pi\u00f9 stanchi, ma anche nervosi.<\/p>\n<p>Si pu\u00f2 dire dunque che non solo perdiamo gradualmente anche le nostre energie, ma che diventiamo anche irritabili, cosa che inevitabilmente ha ricadute sulla nostra sfera emotiva e sociale.<\/p>\n<\/div>\n<div class=\"col-md-4\"><img decoding=\"async\" class=\"w-100\" src=\"https:\/\/biosline.it\/\/wp-content\/uploads\/2021\/09\/Ferplus_5-bios-line-ferro.png\" alt=\"\" \/><\/div>\n<\/div>\n<h2 class=\"mt-5\">Una carenza, tante ragioni diverse<\/h2>\n<p>Ma non \u00e8 di queste che voglio parlare, oggi, limitiamoci alle questioni legate all\u2019organismo. Il <strong>fabbisogno di ferro<\/strong> \u00e8 una questione molto personale, legata all\u2019et\u00e0, al sesso e al modo di nutrirsi. Ad esempio nei bimbi, negli adolescenti e nelle <strong>donne in gravidanza<\/strong>, il ferro \u00e8 molto pi\u00f9 richiesto dall\u2019organismo, come lo \u00e8 nel fisico di chi pratica una costante attivit\u00e0 fisica.<\/p>\n<p><img decoding=\"async\" class=\"w-100 my-4\" src=\"https:\/\/biosline.it\/\/wp-content\/uploads\/2021\/09\/carenza-di-ferro.jpg\" alt=\"\" \/><\/p>\n<p>La sua carenza pu\u00f2 essere determinata da numerose variabili: nelle donne pu\u00f2 essere imputabile, tra le altre cose, al <strong>ciclo mestruale<\/strong> (specie se abbondante), mentre in chi esclude dalla propria alimentazione la carne (<strong>vegetariani e vegani<\/strong>) \u00e8 dovuta al fatto che il ferro presente nei vegetali \u00e8 meno assimilabile dall\u2019organismo rispetto a quello contenuto nella carne.<\/p>\n<p>Ci sono ragioni di natura anche <strong>patologica<\/strong>, come nel caso di chi soffre di <strong>celiachia<\/strong>: in questo caso il cattivo assorbimento avviene a livello intestinale. Soffre di carenza di ferro anche chi esagera con alcol, t\u00e8 e caff\u00e8; un\u2019insufficienza si pu\u00f2 verificare nelle donne in gravidanza o allattamento, ma ovviamente la carenza di questo prezioso minerale pu\u00f2 essere legata a tantissime altre ragioni che, come detto, vanno sempre verificate a seconda dei casi.<\/p>\n<p>Riassumendo, ogni volta che il nostro fisico manca di ferro, si scatena una sensazione generalizzata di <strong>affaticamento<\/strong>. Il ferro ha inoltre un ruolo fondamentale nel buon funzionamento del nostro <strong>sistema immunitario<\/strong> e, interviene nella sintesi del collagene, pertanto una sua carenza pu\u00f2 provare <strong>problemi cutanei e perdita di capelli<\/strong>, \u00e8 indispensabile nei processi di divisione cellulare e favorisce l\u2019attivit\u00e0 di alcuni neurotrasmettitori.<\/p>\n<h2 class=\"mt-5\">Bios Line e la sua proposta puntuale<\/h2>\n<p>Ma cosa possiamo fare, dunque, se il nostro stile di vita ci impedisce di osservare un perfetto regime alimentare che mantenga adeguati i livelli di ferro? Bisogna puntare sull\u2019<strong>integrazione<\/strong>, e farlo assumendone di alta qualit\u00e0, \u00e8 un dovere. E\u2019 per questo che oggi torno a parlarvi della produzione di un brand che nell\u2019integrazione ha investito moltissimo: sto parlando di Bios Line, azienda che da anni ormai ricerca e innova costantemente per proporre ai consumatori degli integratori realizzati impeccabilmente. Vi ho parlato in altri casi delle loro soluzioni, io stessa le utilizzo nel quotidiano perch\u00e9 ne traggo grande giovamento, come nel caso della loro <strong>Vitamina B e Magnesio<\/strong>. Per me sono veri must-have. Potete trovare tantissime soluzioni di integratori Bios Line visitando ovviamente il loro sito ufficiale, molto ben fatto e completo sotto tutti i punti di vista, oppure dare come al solito una sbirciatina ad altri miei pezzi cliccando QUI.<\/p>\n<p>Ma torniamo a parlare di ferro e della soluzione che questa azienda, di cui mi fido ciecamente, propone per risolvere il problema della sua carenza. La prima cosa che Bios Line ha capito \u00e8 stata che, per favorire l\u2019<strong>assorbimento di ferro<\/strong>, bisogna <strong>abbinarlo a vitamina C, acido folico e vitamina B9 B12<\/strong>. Questa sinergia ha preso vita nella realizzazione del <strong>Ferplus Tre-Tard<\/strong> della preziosa linea di integratori di Bios Line denominata \u201cPrincipium\u201d. Vediamolo nel dettaglio.<\/p>\n<p><img decoding=\"async\" class=\"w-100 my-4\" src=\"https:\/\/biosline.it\/\/wp-content\/uploads\/2021\/09\/Ferplus_14-bios-line-ferro.jpg\" alt=\"\" \/><\/p>\n<h2 class=\"mb-3\">Principium FerPlus Tre-Tard 30mg<\/h2>\n<p><strong>FerPlus Tre-Tard 30mg \u00e8 un integratore ad alto dosaggio di Ferro in compresse gastroresistenti e a rilascio graduale.<\/strong> La forma gastroresistente rende il prodotto privo del caratteristico sapore di Ferro, sgradevole e che spesso avrete \u201ctestato\u201d con integratori di scarsa qualit\u00e0. Questa caratteristica <strong>protegge anche dai fastidi gastrici<\/strong> che spesso sono associati all\u2019assunzione di questo minerale.<\/p>\n<div class=\"row\">\n<div class=\"col-md-6\">\n<p>L\u2019<strong>innovativa tecnologia a tre stadi a rilascio controllato<\/strong>, insieme alle <strong>tre forme di Ferro<\/strong> (bisglicinato, pidolato e fumarato) ne permette l\u2019assorbimento graduale nell\u2019arco della giornata, quindi un migliore utilizzo da parte dell\u2019organismo. Il primo strato viene rilasciato a un\u2019ora circa dall\u2019assunzione della compressa, il secondo tra le due e le tre, il terzo e ultimo fra le tre e le quattro ore.<\/p>\n<p>Questo rilascio prolungato e controllato permette una <strong>migliore assimilazione del ferro<\/strong> e che, in associazione con la <strong>Vitamina B12<\/strong> e l\u2019<strong>Acido Folico<\/strong>, contribuisce alla formazione dei globuli rossi, alla riduzione della stanchezza e dell\u2019affaticamento ed al normale funzionamento del sistema immunitario; la <strong>vitamina C<\/strong> presente in composizione migliora a sua volta l\u2019assorbimento del Ferro.<\/p>\n<p>L\u2019assorbimento del ferro assunto \u00e8 tanto maggiore quanto pi\u00f9 alto \u00e8 il suo fabbisogno da parte dell\u2019organismo. Tuttavia, non tutto il ferro assunto oralmente viene assorbito, per cui pu\u00f2 risultare vantaggiosa una somministrazione dilazionata nel tempo di piccole quantit\u00e0 per massimizzarne l\u2019assorbimento.<\/p>\n<\/div>\n<div class=\"col-md-6\"><img decoding=\"async\" class=\"w-100\" src=\"https:\/\/biosline.it\/\/wp-content\/uploads\/2021\/09\/ferplus-tre-tard-30-mg-pack.jpg\" alt=\"\" \/><\/div>\n<\/div>\n<p><strong>Ferplus Tre-Tard \u00e8 indicato in tutti i casi di carenza di ferro<\/strong> <strong>e nei casi di aumentato fabbisogno<\/strong>, quali ad esempio periodi di stanchezza generalizzata, durante il ciclo mestruale, la gravidanza e l\u2019allattamento. La sua formulazione \u00e8 priva di glutine e di lattosio quindi adatta a tutti.<\/p>\n<h2 class=\"mt-5\">Clinicamente testato con risultati tangibili<\/h2>\n<p>Una cosa importantissima e che ho molto apprezzato, \u00e8 che Bios Line ha pubblicato i <strong>risultati di tollerabilit\u00e0<\/strong> ed efficacia di Ferplus Tre-Tard 30mg appurati tramite uno studio clinico effettuato su quaranta donne in gravidanza. L\u2019integratore \u00e8 stato utilizzato per colmare le fisiologiche carenze di questo preziosissimo minerale.<\/p>\n<div class=\"row\">\n<div class=\"col-md-8\">Le donne gravide sono state trattate con una compressa al giorno e l\u2019esame emocromocitometrico \u00e8 stato valutato al basale, alla 14esima e alla 34\/36esima settimana di gestazione (fine del trattamento). Allo stesso tempo \u00e8 stata valutata la tollerabilit\u00e0 al trattamento.<br \/>\nA seguito del trattamento con FerPlus Tre-Tard 30mg, i <strong>livelli di emoglobina sono rimasti stabili<\/strong> e non hanno subito il calo che generalmente colpisce il 41,8% delle donne in gravidanza e che, in molti casi, porta a situazioni di anemia gravidica.Non ci sono stati episodi di vomito, pirosi, diarrea o stipsi, spesso collegati con un\u2019integrazione di ferro. Una sola donna ha riportato nausea a fine trattamento senza per\u00f2 interrompere l\u2019assunzione. <strong>Tutte le donne hanno portato a termine il trattamento grazie all\u2019assenza di eventi avversi deterrenti.<\/strong><\/div>\n<div class=\"col-md-4\"><img decoding=\"async\" class=\"w-100\" src=\"https:\/\/biosline.it\/\/wp-content\/uploads\/2021\/09\/ferplus-tre-tard-30-mg-compresse.png\" alt=\"\" \/><\/div>\n<\/div>\n<h2 class=\"mt-5\">Modalit\u00e0 d\u2019uso<\/h2>\n<p>Una compressa al giorno con un po&#8217; d\u2019acqua o altro liquido, preferibilmente a stomaco vuoto.<\/p>\n<h2 class=\"mt-5\">Conclusioni<\/h2>\n<p>Come vi ho gi\u00e0 scritto all\u2019inizio dell\u2019articolo, per me Bios Line \u00e8 una garanzia. Sul fronte dell\u2019integrazione, poi, ho provato su di me tanti prodotti che mi hanno dato piena soddisfazione. Si tratta di soluzioni complete, realizzate in modo tale che i componenti utilizzati vengano assimilati al meglio dall\u2019organismo. Anche in questo caso, ho apprezzato tantissimo l\u2019efficacia del prodotto.<\/p>\n<p><strong>FerPlus Tre-Tard aiuta concretamente a ristabilire i livelli di ferro nel sangue<\/strong>, specie in persone come me che vivono una vita in cui si \u00e8 in continuo movimento, sballottati qua e l\u00e0 e con regimi alimentari non sempre corretti. Fatte le dovute verifiche, perch\u00e9 non si deve mai improvvisare sulla salute, il mio consiglio \u00e8 di provare ad occhi chiusi questo prodotto. Noterete la differenza con soluzioni pi\u00f9 economiche. In termini di gusto, tollerabilit\u00e0 e risultati.<\/p>\n<div style=\"display: flex; align-items: center; margin-bottom: 80px; background: #d2e8e7; padding: 10px; justify-content: center;\">In collaborazione con Elena Rossi di <img decoding=\"async\" style=\"width: 200px !important; margin-left: 20px;\" src=\"https:\/\/biosline.it\/\/wp-content\/uploads\/2020\/05\/logo-vanity-registrato-blog-e1580913675448.png\" \/><\/div>\n<p><\/p>","protected":false},"excerpt":{"rendered":"<p>Sorry, this entry is only available in Italiano.Stanchezza cronica, irritabilit\u00e0, pallore, perdita di capelli e fragilit\u00e0 delle unghie. Quante volte ci troviamo al cospetto di questi disturbi e non riusciamo a venirne a capo? Ovviamente farsi un bel check-up periodico, in cui si possano verificare, tramite il proprio medico, le condizioni di salute, non solo [&hellip;]<\/p>\n","protected":false},"author":1,"featured_media":115937,"parent":0,"menu_order":4,"comment_status":"closed","ping_status":"closed","template":"template-consigli.php","meta":{"_acf_changed":false,"footnotes":""},"class_list":["post-104423","page","type-page","status-publish","has-post-thumbnail","hentry"],"acf":[],"aioseo_notices":[],"_links":{"self":[{"href":"https:\/\/www.biosline.it\/en\/wp-json\/wp\/v2\/pages\/104423","targetHints":{"allow":["GET"]}}],"collection":[{"href":"https:\/\/www.biosline.it\/en\/wp-json\/wp\/v2\/pages"}],"about":[{"href":"https:\/\/www.biosline.it\/en\/wp-json\/wp\/v2\/types\/page"}],"author":[{"embeddable":true,"href":"https:\/\/www.biosline.it\/en\/wp-json\/wp\/v2\/users\/1"}],"replies":[{"embeddable":true,"href":"https:\/\/www.biosline.it\/en\/wp-json\/wp\/v2\/comments?post=104423"}],"version-history":[{"count":0,"href":"https:\/\/www.biosline.it\/en\/wp-json\/wp\/v2\/pages\/104423\/revisions"}],"wp:featuredmedia":[{"embeddable":true,"href":"https:\/\/www.biosline.it\/en\/wp-json\/wp\/v2\/media\/115937"}],"wp:attachment":[{"href":"https:\/\/www.biosline.it\/en\/wp-json\/wp\/v2\/media?parent=104423"}],"curies":[{"name":"wp","href":"https:\/\/api.w.org\/{rel}","templated":true}]}}